{"id":438,"date":"2019-07-08T10:23:52","date_gmt":"2019-07-08T08:23:52","guid":{"rendered":"https:\/\/www.befoil.com\/?page_id=438"},"modified":"2026-03-13T11:46:33","modified_gmt":"2026-03-13T10:46:33","slug":"legal-notice","status":"publish","type":"page","link":"https:\/\/www.befoil.com\/en\/legal-notice\/","title":{"rendered":"Legal notice"},"content":{"rendered":"<section class=\"l-section wpb_row height_medium\"><div class=\"l-section-h i-cf\"><div class=\"g-cols vc_row via_flex valign_top type_default stacking_default\"><div class=\"vc_col-sm-12 wpb_column vc_column_container\"><div class=\"vc_column-inner\"><div class=\"wpb_wrapper\"><div class=\"wpb_text_column\"><div class=\"wpb_wrapper\"><h1>Legal notice<\/h1>\n<\/div><\/div><div class=\"wpb_text_column\"><div class=\"wpb_wrapper\"><p>Le pr\u00e9sent site est la propri\u00e9t\u00e9 de la soci\u00e9t\u00e9 Befoil, SAS inscrite au registre du commerce et des soci\u00e9t\u00e9s de Cr\u00e9teil, sous le num\u00e9ro RCS Cr\u00e9teil B 509 603 049, dont le si\u00e8ge social est situ\u00e9 :<\/p>\n<p><strong>Soci\u00e9t\u00e9 Befoil<br \/>\n<\/strong>Centre d\u2019affaires Lorient Mer \/ La Base<br \/>\n1, rue Honor\u00e9 d\u2019Estienne d\u2019Orves<br \/>\nFrance<\/p>\n<p><strong>Directeur :<\/strong> Benjamin Magnard<\/p>\n<p><strong>Responsable de la publication :<\/strong> Benjamin Magnard<\/p>\n<\/div><\/div><\/div><\/div><\/div><\/div><\/div><\/section><section class=\"l-section wpb_row height_medium\"><div class=\"l-section-overlay\" style=\"background:#f1f1f1\"><\/div><div class=\"l-section-h i-cf\"><div class=\"g-cols vc_row via_flex valign_top type_default stacking_default\"><div class=\"vc_col-sm-12 wpb_column vc_column_container\"><div class=\"vc_column-inner\"><div class=\"wpb_wrapper\"><div class=\"wpb_text_column\"><div class=\"wpb_wrapper\"><h2>H\u00e9bergement<\/h2>\n<p>Ce site est h\u00e9berg\u00e9 par la soci\u00e9t\u00e9 Infomaniak :<br \/>\n<strong>INFOMANIAK NETWORK SA<\/strong><br \/>\nIDE: CHE-103.167.648<br \/>\nSwiss Post Box: 106407<br \/>\nQuai du Mont-Blanc 33<br \/>\nCH-1201 Gen\u00e8ve<br \/>\nSuisse.<\/p>\n<p><a href=\"https:\/\/www.infomaniak.com\/\" target=\"_blank\" rel=\"noopener noreferrer\">https:\/\/www.infomaniak.com\/<\/a><\/p>\n<\/div><\/div><\/div><\/div><\/div><\/div><\/div><\/section><section class=\"l-section wpb_row height_medium\"><div class=\"l-section-h i-cf\"><div class=\"g-cols vc_row via_flex valign_top type_default stacking_default\"><div class=\"vc_col-sm-12 wpb_column vc_column_container\"><div class=\"vc_column-inner\"><div class=\"wpb_wrapper\"><div class=\"wpb_text_column\"><div class=\"wpb_wrapper\"><h2>Conception et Design<\/h2>\n<ul>\n<li><strong>Conception :<\/strong> La Coquille Web &#8211; Steven Barati\u00e9<\/li>\n<li><strong>Design : <\/strong>Mathilde Salvi \/ Manolo Image<\/li>\n<\/ul>\n<\/div><\/div><\/div><\/div><\/div><\/div><\/div><\/section><section class=\"l-section wpb_row height_medium\"><div class=\"l-section-overlay\" style=\"background:#f1f1f1\"><\/div><div class=\"l-section-h i-cf\"><div class=\"g-cols vc_row via_flex valign_top type_default stacking_default\"><div class=\"vc_col-sm-12 wpb_column vc_column_container\"><div class=\"vc_column-inner\"><div class=\"wpb_wrapper\"><div class=\"wpb_text_column\"><div class=\"wpb_wrapper\"><h2>Propri\u00e9t\u00e9 intellectuelle<\/h2>\n<p>Sauf mention contraire, les textes, images, sons et vid\u00e9os publi\u00e9s sur ce site sont la propri\u00e9t\u00e9 de l&#8217;\u00e9diteur.<\/p>\n<p>En cons\u00e9quence, toute reproduction de ces \u00e9l\u00e9ments est formellement interdite sauf dispositions expresses contraires indiqu\u00e9es sur le site et autorisant la reproduction partielle de certains \u00e9l\u00e9ments. Cette repr\u00e9sentation ou reproduction, par quelque proc\u00e9d\u00e9 que ce soit, constitue une contrefa\u00e7on sanctionn\u00e9e par les articles L.335-2 et suivants du Code de la Propri\u00e9t\u00e9 Intellectuelle.<\/p>\n<p>Des autorisations de reproduction \u00e0 titre gracieux peuvent \u00eatre accord\u00e9es au cas par cas, sur demande motiv\u00e9e.<\/p>\n<\/div><\/div><\/div><\/div><\/div><\/div><\/div><\/section><section class=\"l-section wpb_row height_medium\"><div class=\"l-section-h i-cf\"><div class=\"g-cols vc_row via_flex valign_top type_default stacking_default\"><div class=\"vc_col-sm-12 wpb_column vc_column_container\"><div class=\"vc_column-inner\"><div class=\"wpb_wrapper\"><div class=\"wpb_text_column\"><div class=\"wpb_wrapper\"><div class=\"wpb_text_column \">\n<div class=\"wpb_wrapper\">\n<h2>Gestion des donn\u00e9es personnelles<\/h2>\n<h3>Les formulaires<\/h3>\n<p>Chaque formulaire ou t\u00e9l\u00e9service limite la collecte des donn\u00e9es personnelles au strict n\u00e9cessaire (minimisation des donn\u00e9es) et indique notamment :<\/p>\n<ul>\n<li>quels sont les objectifs du recueil de ces donn\u00e9es (finalit\u00e9s) ;<br \/>\nsi ces donn\u00e9es sont obligatoires ou facultatives pour la gestion de votre demande ;<\/li>\n<li>qui pourra en prendre connaissance (uniquement la Soci\u00e9t\u00e9 Befoil en principe, sauf pr\u00e9cision dans le formulaire lorsqu\u2019une transmission \u00e0 un tiers est n\u00e9cessaire \u00e0 la gestion de votre demande) ;<\/li>\n<li>vos droits Informatique et Libert\u00e9s et la fa\u00e7on de les exercer aupr\u00e8s de la Soci\u00e9t\u00e9 Befoil.<\/li>\n<\/ul>\n<p>Les donn\u00e9es personnelles recueillies dans le cadre des services propos\u00e9s sur befoil.com sont trait\u00e9es selon des protocoles s\u00e9curis\u00e9s et permettent \u00e0 la Soci\u00e9t\u00e9 Befoil de g\u00e9rer les demandes re\u00e7ues dans ses applications informatiques.<\/p>\n<p>Pour toute information ou exercice de vos droits Informatique et Libert\u00e9s sur les traitements de donn\u00e9es personnelles g\u00e9r\u00e9s par la Soci\u00e9t\u00e9 Befoil, vous pouvez contacter :<\/p>\n<ul>\n<li><strong>par courriel :<\/strong> <a href=\"mailto:info@befoil.com\">info@befoil.com<\/a><\/li>\n<li><strong>ou par voie postale (au si\u00e8ge social) :<br \/>\n<\/strong>Soci\u00e9t\u00e9 Befoil<br \/>\nCentre d\u2019affaires Lorient Mer \/ La Base<br \/>\n1, rue Honor\u00e9 d\u2019Estienne d\u2019Orves<br \/>\n56100 LORIENT<\/li>\n<\/ul>\n<\/div>\n<\/div>\n<div class=\"wpb_text_column \">\n<div class=\"wpb_wrapper\">\n<h3>Commentaires<\/h3>\n<p>Quand vous laissez un commentaire sur notre site web, les donn\u00e9es inscrites dans le formulaire de commentaire, mais aussi votre adresse IP et l\u2019agent utilisateur de votre navigateur sont collect\u00e9s pour nous aider \u00e0 la d\u00e9tection des commentaires ind\u00e9sirables.<\/p>\n<p>Une cha\u00eene anonymis\u00e9e cr\u00e9\u00e9e \u00e0 partir de votre adresse de messagerie (\u00e9galement appel\u00e9e hash) peut \u00eatre envoy\u00e9e au service Gravatar pour v\u00e9rifier si vous utilisez ce dernier. Les clauses de confidentialit\u00e9 du service Gravatar sont disponibles ici : https:\/\/automattic.com\/privacy\/. Apr\u00e8s validation de votre commentaire, votre photo de profil sera visible publiquement \u00e0 cot\u00e9 de votre commentaire.<\/p>\n<p>Les commentaires des visiteurs peuvent \u00eatre v\u00e9rifi\u00e9s \u00e0 l\u2019aide d\u2019un service automatis\u00e9 de d\u00e9tection des commentaires ind\u00e9sirables.<\/p>\n<h3>M\u00e9dias<\/h3>\n<p>Si vous \u00eates un utilisateur ou une utilisatrice enregistr\u00e9\u00b7e et que vous t\u00e9l\u00e9versez des images sur le site web, nous vous conseillons d\u2019\u00e9viter de t\u00e9l\u00e9verser des images contenant des donn\u00e9es EXIF de coordonn\u00e9es GPS. Les visiteurs de votre site web peuvent t\u00e9l\u00e9charger et extraire des donn\u00e9es de localisation depuis ces images.<\/p>\n<h3>Statistiques et mesures d\u2019audience<\/h3>\n<p>Ce site utilise les services de Google Analytics pour mesurer les visites sur befoil.com \u00e0 des fins de statistiques. Leur service enregistre l\u2019adresse IP de l\u2019utilisateur.<\/p>\n<p>Ces donn\u00e9es sont conserv\u00e9es 26 mois puis sont effac\u00e9es automatiquement.<\/p>\n<p>Si vous ne souhaitez pas \u00eatre inclus dans ces statistiques, nous vous conseillons d\u2019utiliser la fonctionnalit\u00e9 de navigation priv\u00e9 de votre navigateur.<\/p>\n<\/div>\n<\/div>\n<\/div><\/div><\/div><\/div><\/div><\/div><\/div><\/section><section class=\"l-section wpb_row height_medium\"><div class=\"l-section-overlay\" style=\"background:#f1f1f1\"><\/div><div class=\"l-section-h i-cf\"><div class=\"g-cols vc_row via_flex valign_top type_default stacking_default\"><div class=\"vc_col-sm-12 wpb_column vc_column_container\"><div class=\"vc_column-inner\"><div class=\"wpb_wrapper\"><div class=\"wpb_text_column\"><div class=\"wpb_wrapper\"><h2>Accessibilit\u00e9<\/h2>\n<p>L&#8217;utilisateur du pr\u00e9sent site reconnait avoir v\u00e9rifi\u00e9 que la configuration informatique utilis\u00e9e ne contient aucun virus et qu&#8217;elle est en parfait \u00e9tat de fonctionnement.<\/p>\n<p>L&#8217;utilisateur du site web reconnait disposer de la comp\u00e9tence et des moyens n\u00e9cessaires pour acc\u00e9der et utiliser ce site.<\/p>\n<p>L&#8217;utilisateur reconnait avoir \u00e9t\u00e9 inform\u00e9 que ce site est accessible 24 heures\/24 heures et 7 jours\/7 jours, \u00e0 l&#8217;exception des cas de force majeure, difficult\u00e9s informatiques, difficult\u00e9s li\u00e9es \u00e0 la structure des r\u00e9seaux de t\u00e9l\u00e9communications ou difficult\u00e9s techniques.<\/p>\n<p>Pour des raisons de maintenance, la soci\u00e9t\u00e9 Befoil pourra interrompre l&#8217;acc\u00e8s \u00e0 son site et s&#8217;efforcera d&#8217;en avertir pr\u00e9alablement les utilisateurs.<\/p>\n<p>La soci\u00e9t\u00e9 Befoil met tout en \u0153uvre pour offrir aux utilisateurs des informations et\/ou des outils disponibles et v\u00e9rifi\u00e9s, mais ne saurait \u00eatre tenue pour responsable des erreurs, d&#8217;une absence de disponibilit\u00e9 des informations et\/ou de la pr\u00e9sence de virus sur son site.<\/p>\n<\/div><\/div><\/div><\/div><\/div><\/div><\/div><\/section><section class=\"l-section wpb_row height_medium\"><div class=\"l-section-h i-cf\"><div class=\"g-cols vc_row via_flex valign_top type_default stacking_default\"><div class=\"vc_col-sm-12 wpb_column vc_column_container\"><div class=\"vc_column-inner\"><div class=\"wpb_wrapper\"><div class=\"wpb_text_column\"><div class=\"wpb_wrapper\"><div class=\"l-section-h i-cf\">\n<div class=\"g-cols vc_row type_default valign_top\">\n<div class=\"vc_col-sm-12 wpb_column vc_column_container\">\n<div class=\"vc_column-inner\">\n<div class=\"wpb_wrapper\">\n<div class=\"wpb_text_column \">\n<div class=\"wpb_wrapper\">\n<h2>Liens hypertextes et cookies<\/h2>\n<p>Le site befoil.com contient un certain nombre de liens hypertextes vers d\u2019autres sites, mis en place avec l\u2019autorisation de la Soci\u00e9t\u00e9 Befoil. Cependant, la Soci\u00e9t\u00e9 Befoil n\u2019a pas la possibilit\u00e9 de v\u00e9rifier le contenu des sites ainsi visit\u00e9s, et n\u2019assumera en cons\u00e9quence aucune responsabilit\u00e9 de ce fait.<\/p>\n<p>La navigation sur le site befoil.com est susceptible de provoquer l\u2019installation de cookie(s) sur l\u2019ordinateur de l\u2019utilisateur. Un cookie est un fichier de petite taille, qui ne permet pas l\u2019identification de l\u2019utilisateur, mais qui enregistre des informations relatives \u00e0 la navigation d\u2019un ordinateur sur un site. Les donn\u00e9es ainsi obtenues visent \u00e0 faciliter la navigation ult\u00e9rieure sur le site, et ont \u00e9galement vocation \u00e0 permettre diverses mesures de fr\u00e9quentation.<\/p>\n<p>Le refus d\u2019installation d\u2019un cookie peut entra\u00eener l\u2019impossibilit\u00e9 d\u2019acc\u00e9der \u00e0 certains services. L\u2019utilisateur peut toutefois configurer son ordinateur de la mani\u00e8re suivante, pour refuser l\u2019installation des cookies :<\/p>\n<ul>\n<li><strong>Sous Edge<\/strong> : \u00c0 partir des points en haut \u00e0 gauche de votre fen\u00eatre, Cliquez sur \u201cParam\u00e8tres\u201d, puis \u201cParam\u00e8tres avanc\u00e9s\u201d, dans la partie \u201cCookies\u201d s\u00e9lectionnez \u201cBloquer tous les cookies\u201d. Pensez \u00e0 effacer vos donn\u00e9es de navigation en revenant sur la partie des \u201cParam\u00e8tres\u201d (la premi\u00e8re fen\u00eatre, et cliquez sur \u201cEffacer les donn\u00e9es de navigation, et cochez : \u201cCookie et donn\u00e9es des site web enregistr\u00e9es\u201d et \u201cFichiers et donn\u00e9es en cache\u201d.<\/li>\n<li><strong>Sous Internet Explorer :<\/strong> onglet outil (pictogramme en forme de rouage en haut a droite) \/ options internet. Cliquez sur Confidentialit\u00e9 et choisissez Bloquer tous les cookies. Validez sur Ok.<\/li>\n<li><strong>Sous Firefox<\/strong> : en haut de la fen\u00eatre du navigateur, cliquez sur le bouton Firefox, puis aller dans l\u2019onglet Options. Cliquer sur l\u2019onglet Vie priv\u00e9e. Param\u00e9trez les R\u00e8gles de conservation sur : utiliser les param\u00e8tres personnalis\u00e9s pour l\u2019historique. Enfin d\u00e9cochez-la pour d\u00e9sactiver les cookies.<\/li>\n<li><strong>Sous Safari :<\/strong> Cliquez en haut \u00e0 droite du navigateur sur le pictogramme de menu (symbolis\u00e9 par un rouage). S\u00e9lectionnez Param\u00e8tres. Cliquez sur Afficher les param\u00e8tres avanc\u00e9s. Dans la section \u00ab Confidentialit\u00e9 \u00bb, cliquez sur Param\u00e8tres de contenu. Dans la section \u00ab Cookies \u00bb, vous pouvez bloquer les cookies.<\/li>\n<li><strong>Sous Chrome :<\/strong> Cliquez en haut \u00e0 droite du navigateur sur le pictogramme de menu (symbolis\u00e9 par trois lignes horizontales). S\u00e9lectionnez Param\u00e8tres. Cliquez sur Afficher les param\u00e8tres avanc\u00e9s. Dans la section \u00ab Confidentialit\u00e9 \u00bb, cliquez sur pr\u00e9f\u00e9rences. Dans l\u2019onglet \u00ab Confidentialit\u00e9 \u00bb, vous pouvez bloquer les cookies.<\/li>\n<\/ul>\n<\/div>\n<\/div>\n<\/div>\n<\/div>\n<\/div>\n<\/div>\n<\/div>\n<\/div><\/div><\/div><\/div><\/div><\/div><\/div><\/section><section class=\"l-section wpb_row height_medium\"><div class=\"l-section-overlay\" style=\"background:#f1f1f1\"><\/div><div class=\"l-section-h i-cf\"><div class=\"g-cols vc_row via_flex valign_top type_default stacking_default\"><div class=\"vc_col-sm-12 wpb_column vc_column_container\"><div class=\"vc_column-inner\"><div class=\"wpb_wrapper\"><div class=\"wpb_text_column\"><div class=\"wpb_wrapper\"><h2>Informations<\/h2>\n<p>Les informations fournies par la soci\u00e9t\u00e9 Befoil le sont \u00e0 titre indicatif. La soci\u00e9t\u00e9 Befoil ne saurait garantir l&#8217;exactitude, la compl\u00e9tude, l&#8217;actualit\u00e9 des informations diffus\u00e9es sur son site. En cons\u00e9quence, l&#8217;utilisateur reconnait utiliser ces informations sous sa responsabilit\u00e9 exclusive.<\/p>\n<\/div><\/div><\/div><\/div><\/div><\/div><\/div><\/section><section class=\"l-section wpb_row height_medium\"><div class=\"l-section-h i-cf\"><div class=\"g-cols vc_row via_flex valign_top type_default stacking_default\"><div class=\"vc_col-sm-12 wpb_column vc_column_container\"><div class=\"vc_column-inner\"><div class=\"wpb_wrapper\"><div class=\"wpb_text_column\"><div class=\"wpb_wrapper\"><h2>Droits d&#8217;auteur<\/h2>\n<p>Tous les \u00e9l\u00e9ments de ce site Internet (notamment les marques d\u00e9pos\u00e9es, les textes, graphismes, logos, sons, photos, animations) sont la propri\u00e9t\u00e9 de la soci\u00e9t\u00e9 Befoil.<\/p>\n<p>Les \u00e9l\u00e9ments appartenant \u00e0 la soci\u00e9t\u00e9, et \u00e0 fortiori leur mise en forme ainsi que le code qui en r\u00e9sulte, sont la propri\u00e9t\u00e9 exclusive de la soci\u00e9t\u00e9 Befoil.<\/p>\n<p>La protection du pr\u00e9sent rel\u00e8ve des l\u00e9gislations nationales et transnationales relatives au droit de la propri\u00e9t\u00e9 intellectuelle. De la sorte, toute reproduction et\/ou repr\u00e9sentation, en tout ou partie, \u00e0 d&#8217;autres fins, sur un quelconque support, pr\u00e9sent ou futur, sont interdites (sauf autorisation expresse et pr\u00e9alable de la soci\u00e9t\u00e9 Befoil).<\/p>\n<p>Le non-respect de cette interdiction est susceptible de constituer un acte de contrefa\u00e7on susceptible d&#8217;engager la responsabilit\u00e9 p\u00e9nale de tout contrevenant.<\/p>\n<\/div><\/div><\/div><\/div><\/div><\/div><\/div><\/section>\n","protected":false},"excerpt":{"rendered":"Legal notice Le pr\u00e9sent site est la propri\u00e9t\u00e9 de la soci\u00e9t\u00e9 Befoil, SAS inscrite au registre du commerce et des soci\u00e9t\u00e9s de Cr\u00e9teil, sous le num\u00e9ro RCS Cr\u00e9teil B 509 603 049, dont le si\u00e8ge social est situ\u00e9 : Soci\u00e9t\u00e9 Befoil Centre d\u2019affaires Lorient Mer \/ La Base 1, rue Honor\u00e9 d\u2019Estienne d\u2019Orves France Directeur...","protected":false},"author":2,"featured_media":0,"parent":0,"menu_order":0,"comment_status":"closed","ping_status":"closed","template":"","meta":{"footnotes":""},"class_list":["post-438","page","type-page","status-publish","hentry"],"yoast_head":"<!-- This site is optimized with the Yoast SEO plugin v27.1.1 - https:\/\/yoast.com\/product\/yoast-seo-wordpress\/ -->\n<title>Legal notice - Befoil<\/title>\n<meta name=\"robots\" content=\"noindex, nofollow\" \/>\n<meta property=\"og:locale\" content=\"en_US\" \/>\n<meta property=\"og:type\" content=\"article\" \/>\n<meta property=\"og:title\" content=\"Legal notice - Befoil\" \/>\n<meta property=\"og:url\" content=\"https:\/\/www.befoil.com\/en\/legal-notice\/\" \/>\n<meta property=\"og:site_name\" content=\"Befoil\" \/>\n<meta property=\"article:modified_time\" content=\"2026-03-13T10:46:33+00:00\" \/>\n<meta name=\"twitter:card\" content=\"summary_large_image\" \/>\n<meta name=\"twitter:label1\" content=\"Est. reading time\" \/>\n\t<meta name=\"twitter:data1\" content=\"7 minutes\" \/>\n<script type=\"application\/ld+json\" class=\"yoast-schema-graph\">{\"@context\":\"https:\/\/schema.org\",\"@graph\":[{\"@type\":\"WebPage\",\"@id\":\"https:\/\/www.befoil.com\/en\/legal-notice\/\",\"url\":\"https:\/\/www.befoil.com\/en\/legal-notice\/\",\"name\":\"Legal notice - Befoil\",\"isPartOf\":{\"@id\":\"https:\/\/www.befoil.com\/#website\"},\"datePublished\":\"2019-07-08T08:23:52+00:00\",\"dateModified\":\"2026-03-13T10:46:33+00:00\",\"breadcrumb\":{\"@id\":\"https:\/\/www.befoil.com\/en\/legal-notice\/#breadcrumb\"},\"inLanguage\":\"en-US\",\"potentialAction\":[{\"@type\":\"ReadAction\",\"target\":[\"https:\/\/www.befoil.com\/en\/legal-notice\/\"]}]},{\"@type\":\"BreadcrumbList\",\"@id\":\"https:\/\/www.befoil.com\/en\/legal-notice\/#breadcrumb\",\"itemListElement\":[{\"@type\":\"ListItem\",\"position\":1,\"name\":\"Accueil\",\"item\":\"https:\/\/www.befoil.com\/en\/\"},{\"@type\":\"ListItem\",\"position\":2,\"name\":\"Legal notice\"}]},{\"@type\":\"WebSite\",\"@id\":\"https:\/\/www.befoil.com\/#website\",\"url\":\"https:\/\/www.befoil.com\/\",\"name\":\"Befoil\",\"description\":\"Le vol pour tous\",\"potentialAction\":[{\"@type\":\"SearchAction\",\"target\":{\"@type\":\"EntryPoint\",\"urlTemplate\":\"https:\/\/www.befoil.com\/?s={search_term_string}\"},\"query-input\":{\"@type\":\"PropertyValueSpecification\",\"valueRequired\":true,\"valueName\":\"search_term_string\"}}],\"inLanguage\":\"en-US\"}]}<\/script>\n<!-- \/ Yoast SEO plugin. -->","yoast_head_json":{"title":"Legal notice - Befoil","robots":{"index":"noindex","follow":"nofollow"},"og_locale":"en_US","og_type":"article","og_title":"Legal notice - Befoil","og_url":"https:\/\/www.befoil.com\/en\/legal-notice\/","og_site_name":"Befoil","article_modified_time":"2026-03-13T10:46:33+00:00","twitter_card":"summary_large_image","twitter_misc":{"Est. reading time":"7 minutes"},"schema":{"@context":"https:\/\/schema.org","@graph":[{"@type":"WebPage","@id":"https:\/\/www.befoil.com\/en\/legal-notice\/","url":"https:\/\/www.befoil.com\/en\/legal-notice\/","name":"Legal notice - Befoil","isPartOf":{"@id":"https:\/\/www.befoil.com\/#website"},"datePublished":"2019-07-08T08:23:52+00:00","dateModified":"2026-03-13T10:46:33+00:00","breadcrumb":{"@id":"https:\/\/www.befoil.com\/en\/legal-notice\/#breadcrumb"},"inLanguage":"en-US","potentialAction":[{"@type":"ReadAction","target":["https:\/\/www.befoil.com\/en\/legal-notice\/"]}]},{"@type":"BreadcrumbList","@id":"https:\/\/www.befoil.com\/en\/legal-notice\/#breadcrumb","itemListElement":[{"@type":"ListItem","position":1,"name":"Accueil","item":"https:\/\/www.befoil.com\/en\/"},{"@type":"ListItem","position":2,"name":"Legal notice"}]},{"@type":"WebSite","@id":"https:\/\/www.befoil.com\/#website","url":"https:\/\/www.befoil.com\/","name":"Befoil","description":"Le vol pour tous","potentialAction":[{"@type":"SearchAction","target":{"@type":"EntryPoint","urlTemplate":"https:\/\/www.befoil.com\/?s={search_term_string}"},"query-input":{"@type":"PropertyValueSpecification","valueRequired":true,"valueName":"search_term_string"}}],"inLanguage":"en-US"}]}},"_links":{"self":[{"href":"https:\/\/www.befoil.com\/en\/wp-json\/wp\/v2\/pages\/438","targetHints":{"allow":["GET"]}}],"collection":[{"href":"https:\/\/www.befoil.com\/en\/wp-json\/wp\/v2\/pages"}],"about":[{"href":"https:\/\/www.befoil.com\/en\/wp-json\/wp\/v2\/types\/page"}],"author":[{"embeddable":true,"href":"https:\/\/www.befoil.com\/en\/wp-json\/wp\/v2\/users\/2"}],"replies":[{"embeddable":true,"href":"https:\/\/www.befoil.com\/en\/wp-json\/wp\/v2\/comments?post=438"}],"version-history":[{"count":0,"href":"https:\/\/www.befoil.com\/en\/wp-json\/wp\/v2\/pages\/438\/revisions"}],"wp:attachment":[{"href":"https:\/\/www.befoil.com\/en\/wp-json\/wp\/v2\/media?parent=438"}],"curies":[{"name":"wp","href":"https:\/\/api.w.org\/{rel}","templated":true}]}}